{"id":19240,"date":"2026-04-24T10:27:55","date_gmt":"2026-04-24T08:27:55","guid":{"rendered":"https:\/\/trailrunadvisor.com\/avalia-e-ganha\/"},"modified":"2026-05-08T06:31:29","modified_gmt":"2026-05-08T04:31:29","slug":"avalia-e-ganha","status":"publish","type":"page","link":"https:\/\/trailrunadvisor.wwwarcelona.net\/pt-pt\/avalia-e-ganha\/","title":{"rendered":"Avalia e ganha"},"content":{"rendered":"\t\t<div data-elementor-type=\"wp-page\" data-elementor-id=\"19240\" class=\"elementor elementor-19240 elementor-19028\" data-elementor-post-type=\"page\">\n\t\t\t\t<div class=\"elementor-element elementor-element-3022913 e-flex e-con-boxed e-con e-parent\" data-id=\"3022913\" data-element_type=\"container\">\n\t\t\t\t\t<div class=\"e-con-inner\">\n\t\t\t\t<div class=\"elementor-element elementor-element-2c48588 elementor-widget elementor-widget-heading\" data-id=\"2c48588\" data-element_type=\"widget\" data-widget_type=\"heading.default\">\n\t\t\t\t<div class=\"elementor-widget-container\">\n\t\t\t\t\t<h1 class=\"elementor-heading-title elementor-size-default\">Queres ganhar equipamento de trail?  <p>\nPartilha a tua experi\u00eancia de corrida<\/h1>\t\t\t\t<\/div>\n\t\t\t\t<\/div>\n\t\t\t\t<div class=\"elementor-element elementor-element-959b07d elementor-widget elementor-widget-text-editor\" data-id=\"959b07d\" data-element_type=\"widget\" data-widget_type=\"text-editor.default\">\n\t\t\t\t<div class=\"elementor-widget-container\">\n\t\t\t\t\t\t\t\t\t<p>O TrailRunAdvisor foi criado com base numa ideia simples: informa\u00e7\u00f5es reais sobre corridas de corredores reais<br\/>Com o Review &#038; Win, recompensamos aqueles que contribuem para a comunidade.<\/p>\t\t\t\t\t\t\t\t<\/div>\n\t\t\t\t<\/div>\n\t\t\t\t<div class=\"elementor-element elementor-element-9a1e712 elementor-widget elementor-widget-heading\" data-id=\"9a1e712\" data-element_type=\"widget\" data-widget_type=\"heading.default\">\n\t\t\t\t<div class=\"elementor-widget-container\">\n\t\t\t\t\t<h2 class=\"elementor-heading-title elementor-size-default\">Como funciona<\/h2>\t\t\t\t<\/div>\n\t\t\t\t<\/div>\n\t\t\t\t<div class=\"elementor-element elementor-element-01d1a6a elementor-widget elementor-widget-text-editor\" data-id=\"01d1a6a\" data-element_type=\"widget\" data-widget_type=\"text-editor.default\">\n\t\t\t\t<div class=\"elementor-widget-container\">\n\t\t\t\t\t\t\t\t\t<ul><li>Deixa uma avalia\u00e7\u00e3o de uma corrida em que tenhas participado no TrailRunAdvisor<\/li><li>Todos os meses, seleccionamos aleatoriamente 2 vencedores de entre todos os utilizadores que enviaram uma avalia\u00e7\u00e3o durante esse m\u00eas<\/li><li>Quanto mais contribu\u00edres, mais ajudas a comunidade &#8211; e mais hip\u00f3teses tens de ganhar<\/li><\/ul><p> <\/p><p>Simples, \u00fatil e feito para corredores de trail.<\/p>\t\t\t\t\t\t\t\t<\/div>\n\t\t\t\t<\/div>\n\t\t\t\t<div class=\"elementor-element elementor-element-9461ec5 elementor-widget elementor-widget-button\" data-id=\"9461ec5\" data-element_type=\"widget\" data-widget_type=\"button.default\">\n\t\t\t\t<div class=\"elementor-widget-container\">\n\t\t\t\t\t\t\t\t\t<div class=\"elementor-button-wrapper\">\n\t\t\t\t\t<a class=\"elementor-button elementor-button-link elementor-size-sm\" href=\"https:\/\/trailrunadvisor.wwwarcelona.net\/pt-pt\/conta\/\">\n\t\t\t\t\t\t<span class=\"elementor-button-content-wrapper\">\n\t\t\t\t\t\t\t\t\t<span class=\"elementor-button-text\">Participa no passatempo<\/span>\n\t\t\t\t\t<\/span>\n\t\t\t\t\t<\/a>\n\t\t\t\t<\/div>\n\t\t\t\t\t\t\t\t<\/div>\n\t\t\t\t<\/div>\n\t\t\t\t\t<\/div>\n\t\t\t\t<\/div>\n\t\t<div class=\"elementor-element elementor-element-b60efa7 e-flex e-con-boxed e-con e-parent\" data-id=\"b60efa7\" data-element_type=\"container\">\n\t\t\t\t\t<div class=\"e-con-inner\">\n\t\t<div class=\"elementor-element elementor-element-59bd3d5 e-con-full e-flex e-con e-child\" data-id=\"59bd3d5\" data-element_type=\"container\">\n\t\t\t\t<div class=\"elementor-element elementor-element-4fc9396 elementor-widget elementor-widget-heading\" data-id=\"4fc9396\" data-element_type=\"widget\" data-widget_type=\"heading.default\">\n\t\t\t\t<div class=\"elementor-widget-container\">\n\t\t\t\t\t<h2 class=\"elementor-heading-title elementor-size-default\">O que podes ganhar<\/h2>\t\t\t\t<\/div>\n\t\t\t\t<\/div>\n\t\t\t\t<div class=\"elementor-element elementor-element-b34141e elementor-widget elementor-widget-heading\" data-id=\"b34141e\" data-element_type=\"widget\" data-widget_type=\"heading.default\">\n\t\t\t\t<div class=\"elementor-widget-container\">\n\t\t\t\t\t<h3 class=\"elementor-heading-title elementor-size-default\">Equipamento \u00e1udio desportivo da MyVibe<\/h3>\t\t\t\t<\/div>\n\t\t\t\t<\/div>\n\t\t\t\t<div class=\"elementor-element elementor-element-7e11859 elementor-widget elementor-widget-text-editor\" data-id=\"7e11859\" data-element_type=\"widget\" data-widget_type=\"text-editor.default\">\n\t\t\t\t<div class=\"elementor-widget-container\">\n\t\t\t\t\t\t\t\t\t<p>Concebido para os corredores que pretendem manter-se atentos ao seu ambiente.<br\/>&#8211; Tecnologia de condu\u00e7\u00e3o \u00f3ssea<br\/>&#8211; Ajuste confort\u00e1vel e seguro<br\/>&#8211; Ideal para trail running e treino ao ar livre<\/p><p> <\/p><p>Treina, explora e mant\u00e9m-te ligado &#8211; em seguran\u00e7a.<\/p>\t\t\t\t\t\t\t\t<\/div>\n\t\t\t\t<\/div>\n\t\t\t\t<\/div>\n\t\t<div class=\"elementor-element elementor-element-37fb9c2 e-con-full e-flex e-con e-child\" data-id=\"37fb9c2\" data-element_type=\"container\" data-settings=\"{&quot;background_background&quot;:&quot;classic&quot;}\">\n\t\t\t\t<div class=\"elementor-element elementor-element-38e6521 elementor-widget elementor-widget-image\" data-id=\"38e6521\" data-element_type=\"widget\" data-widget_type=\"image.default\">\n\t\t\t\t<div class=\"elementor-widget-container\">\n\t\t\t\t\t\t\t\t\t\t\t\t\t\t\t<img fetchpriority=\"high\" decoding=\"async\" width=\"600\" height=\"600\" src=\"https:\/\/trailrunadvisor.wwwarcelona.net\/wp-content\/uploads\/2026\/04\/CasqueMyVibes_IsGood_-Noir_5.webp\" class=\"attachment-large size-large wp-image-19030 not-transparent\" alt=\"\" srcset=\"https:\/\/trailrunadvisor.wwwarcelona.net\/wp-content\/uploads\/2026\/04\/CasqueMyVibes_IsGood_-Noir_5.webp 600w, https:\/\/trailrunadvisor.wwwarcelona.net\/wp-content\/uploads\/2026\/04\/CasqueMyVibes_IsGood_-Noir_5-300x300.webp 300w, https:\/\/trailrunadvisor.wwwarcelona.net\/wp-content\/uploads\/2026\/04\/CasqueMyVibes_IsGood_-Noir_5-150x150.webp 150w\" sizes=\"(max-width: 600px) 100vw, 600px\" data-has-transparency=\"false\" data-dominant-color=\"a4998d\" style=\"--dominant-color: #a4998d\" \/>\t\t\t\t\t\t\t\t\t\t\t\t\t\t\t<\/div>\n\t\t\t\t<\/div>\n\t\t\t\t<\/div>\n\t\t\t\t\t<\/div>\n\t\t\t\t<\/div>\n\t\t<div class=\"elementor-element elementor-element-9db5d45 e-flex e-con-boxed e-con e-parent\" data-id=\"9db5d45\" data-element_type=\"container\" data-settings=\"{&quot;background_background&quot;:&quot;classic&quot;}\">\n\t\t\t\t\t<div class=\"e-con-inner\">\n\t\t<div class=\"elementor-element elementor-element-f03f710 e-con-full e-flex e-con e-child\" data-id=\"f03f710\" data-element_type=\"container\">\n\t\t\t\t<div class=\"elementor-element elementor-element-6478ea6 elementor-widget elementor-widget-image\" data-id=\"6478ea6\" data-element_type=\"widget\" data-widget_type=\"image.default\">\n\t\t\t\t<div class=\"elementor-widget-container\">\n\t\t\t\t\t\t\t\t\t\t\t\t\t\t\t<img decoding=\"async\" width=\"1024\" height=\"1024\" src=\"https:\/\/trailrunadvisor.wwwarcelona.net\/wp-content\/uploads\/2026\/05\/ChatGPT-Image-4-may-2026-11_26_47-1024x1024.png\" class=\"attachment-large size-large wp-image-19227 not-transparent\" alt=\"\" srcset=\"https:\/\/trailrunadvisor.wwwarcelona.net\/wp-content\/uploads\/2026\/05\/ChatGPT-Image-4-may-2026-11_26_47-1024x1024.png 1024w, https:\/\/trailrunadvisor.wwwarcelona.net\/wp-content\/uploads\/2026\/05\/ChatGPT-Image-4-may-2026-11_26_47-300x300.png 300w, https:\/\/trailrunadvisor.wwwarcelona.net\/wp-content\/uploads\/2026\/05\/ChatGPT-Image-4-may-2026-11_26_47-150x150.png 150w, https:\/\/trailrunadvisor.wwwarcelona.net\/wp-content\/uploads\/2026\/05\/ChatGPT-Image-4-may-2026-11_26_47-768x768.png 768w, https:\/\/trailrunadvisor.wwwarcelona.net\/wp-content\/uploads\/2026\/05\/ChatGPT-Image-4-may-2026-11_26_47.png 1254w\" sizes=\"(max-width: 1024px) 100vw, 1024px\" data-has-transparency=\"false\" data-dominant-color=\"ca9271\" style=\"--dominant-color: #ca9271\" \/>\t\t\t\t\t\t\t\t\t\t\t\t\t\t\t<\/div>\n\t\t\t\t<\/div>\n\t\t\t\t<\/div>\n\t\t<div class=\"elementor-element elementor-element-63d24cf e-con-full e-flex e-con e-child\" data-id=\"63d24cf\" data-element_type=\"container\">\n\t\t\t\t<div class=\"elementor-element elementor-element-d854465 elementor-widget elementor-widget-heading\" data-id=\"d854465\" data-element_type=\"widget\" data-widget_type=\"heading.default\">\n\t\t\t\t<div class=\"elementor-widget-container\">\n\t\t\t\t\t<h3 class=\"elementor-heading-title elementor-size-default\">Pacote de nutri\u00e7\u00e3o para trilhos da Apirun<\/h3>\t\t\t\t<\/div>\n\t\t\t\t<\/div>\n\t\t\t\t<div class=\"elementor-element elementor-element-df5d84e elementor-widget elementor-widget-text-editor\" data-id=\"df5d84e\" data-element_type=\"widget\" data-widget_type=\"text-editor.default\">\n\t\t\t\t<div class=\"elementor-widget-container\">\n\t\t\t\t\t\t\t\t\t<p>Um refor\u00e7o energ\u00e9tico natural concebido para os desportos de resist\u00eancia.<\/p><ul><li>Snacks energ\u00e9ticos \u00e0 base de fruta feitos com mel<\/li><li>F\u00e1cil de transportar e consumir durante o esfor\u00e7o<\/li><li>neg\u00f3cio para o treino e o dia da corrida<\/li><\/ul><p> <\/p><p>Um companheiro perfeito para alimentar a tua pr\u00f3xima aventura nos trilhos.<\/p>\t\t\t\t\t\t\t\t<\/div>\n\t\t\t\t<\/div>\n\t\t\t\t<\/div>\n\t\t\t\t\t<\/div>\n\t\t\t\t<\/div>\n\t\t<div class=\"elementor-element elementor-element-cf9fd51 e-con-full e-flex e-con e-parent\" data-id=\"cf9fd51\" data-element_type=\"container\">\n\t\t\t\t<div class=\"elementor-element elementor-element-683d4d3 elementor-widget elementor-widget-heading\" data-id=\"683d4d3\" data-element_type=\"widget\" data-widget_type=\"heading.default\">\n\t\t\t\t<div class=\"elementor-widget-container\">\n\t\t\t\t\t<p class=\"elementor-heading-title elementor-size-default\">Est\u00e1s pronto para contribuir?<\/p>\t\t\t\t<\/div>\n\t\t\t\t<\/div>\n\t\t\t\t<\/div>\n\t\t<div class=\"elementor-element elementor-element-4193cf2 e-flex e-con-boxed e-con e-parent\" data-id=\"4193cf2\" data-element_type=\"container\">\n\t\t\t\t\t<div class=\"e-con-inner\">\n\t\t\t\t<div class=\"elementor-element elementor-element-d4cd899 elementor-widget elementor-widget-button\" data-id=\"d4cd899\" data-element_type=\"widget\" data-widget_type=\"button.default\">\n\t\t\t\t<div class=\"elementor-widget-container\">\n\t\t\t\t\t\t\t\t\t<div class=\"elementor-button-wrapper\">\n\t\t\t\t\t<a class=\"elementor-button elementor-button-link elementor-size-sm\" href=\"https:\/\/trailrunadvisor.wwwarcelona.net\/pt-pt\/conta\/\">\n\t\t\t\t\t\t<span class=\"elementor-button-content-wrapper\">\n\t\t\t\t\t\t\t\t\t<span class=\"elementor-button-text\">Escreve a tua opini\u00e3o sobre a corrida agora: ganha equipamento de trail todos os meses<\/span>\n\t\t\t\t\t<\/span>\n\t\t\t\t\t<\/a>\n\t\t\t\t<\/div>\n\t\t\t\t\t\t\t\t<\/div>\n\t\t\t\t<\/div>\n\t\t\t\t\t<\/div>\n\t\t\t\t<\/div>\n\t\t<div class=\"elementor-element elementor-element-2badebf e-flex e-con-boxed e-con e-parent\" data-id=\"2badebf\" data-element_type=\"container\">\n\t\t\t\t\t<div class=\"e-con-inner\">\n\t\t\t\t<div class=\"elementor-element elementor-element-58a87d4 elementor-widget elementor-widget-heading\" data-id=\"58a87d4\" data-element_type=\"widget\" data-widget_type=\"heading.default\">\n\t\t\t\t<div class=\"elementor-widget-container\">\n\t\t\t\t\t<h2 class=\"elementor-heading-title elementor-size-default\">em colabora\u00e7\u00e3o com<\/h2>\t\t\t\t<\/div>\n\t\t\t\t<\/div>\n\t\t\t\t<div class=\"elementor-element elementor-element-9796eaa elementor-widget elementor-widget-text-editor\" data-id=\"9796eaa\" data-element_type=\"widget\" data-widget_type=\"text-editor.default\">\n\t\t\t\t<div class=\"elementor-widget-container\">\n\t\t\t\t\t\t\t\t\t<p>O Review &#038; Win \u00e9 poss\u00edvel gra\u00e7as aos nossos parceiros:<\/p><ul><li><a href=\"https:\/\/www.myvibe.run\/\" target=\"_blank\" rel=\"noopener\"><strong>MyVibe.run<\/strong><\/a><\/li><li><a href=\"https:\/\/apirun.fr\/collections\/nutrition-sportive\/products\/pates-de-fruits-5-parfums-1\" target=\"_blank\" rel=\"noopener\"><strong>Apirun<\/strong><\/a><\/li><\/ul><p>O seu apoio ajuda-nos a recompensar a comunidade e a continuar a crescer em conjunto.<\/p>\t\t\t\t\t\t\t\t<\/div>\n\t\t\t\t<\/div>\n\t\t\t\t\t<\/div>\n\t\t\t\t<\/div>\n\t\t\t\t<\/div>\n\t\t","protected":false},"excerpt":{"rendered":"<p>Queres ganhar equipamento de trail? Partilha a tua experi\u00eancia de corrida O TrailRunAdvisor foi criado com base numa ideia simples: informa\u00e7\u00f5es reais sobre corridas de corredores reaisCom o Review &amp; Win, recompensamos aqueles que contribuem para a comunidade. Como funciona Deixa uma avalia\u00e7\u00e3o de uma corrida em que tenhas participado no TrailRunAdvisor Todos os meses, [&hellip;]<\/p>\n","protected":false},"author":1,"featured_media":0,"parent":0,"menu_order":0,"comment_status":"closed","ping_status":"closed","template":"","meta":{"_acf_changed":false,"footnotes":""},"class_list":["post-19240","page","type-page","status-publish","hentry"],"acf":[],"yoast_head":"<!-- This site is optimized with the Yoast SEO plugin v26.8 - https:\/\/yoast.com\/product\/yoast-seo-wordpress\/ -->\n<title>Avalia e ganha - Trail Run Advisor<\/title>\n<meta name=\"description\" content=\"Partilha a tua experi\u00eancia e recebe uma recompensa. Deixa um coment\u00e1rio e participa no nosso sorteio mensal para teres a oportunidade de ganhar um pacote de pr\u00e9mios especial.\" \/>\n<meta name=\"robots\" content=\"noindex, follow\" \/>\n<meta property=\"og:locale\" content=\"pt_PT\" \/>\n<meta property=\"og:type\" content=\"article\" \/>\n<meta property=\"og:title\" content=\"Avalia e ganha - Trail Run Advisor\" \/>\n<meta property=\"og:description\" content=\"Partilha a tua experi\u00eancia e recebe uma recompensa. Deixa um coment\u00e1rio e participa no nosso sorteio mensal para teres a oportunidade de ganhar um pacote de pr\u00e9mios especial.\" \/>\n<meta property=\"og:url\" content=\"https:\/\/trailrunadvisor.wwwarcelona.net\/pt-pt\/avalia-e-ganha\/\" \/>\n<meta property=\"og:site_name\" content=\"Trail Run Advisor\" \/>\n<meta property=\"article:publisher\" content=\"https:\/\/www.facebook.com\/profile.php?id=61554747731790&amp;mibextid=9R9pXO\" \/>\n<meta property=\"article:modified_time\" content=\"2026-05-08T04:31:29+00:00\" \/>\n<meta property=\"og:image\" content=\"https:\/\/trailrunadvisor.wwwarcelona.net\/wp-content\/uploads\/2026\/04\/CasqueMyVibes_IsGood_-Noir_5.webp\" \/>\n\t<meta property=\"og:image:width\" content=\"600\" \/>\n\t<meta property=\"og:image:height\" content=\"600\" \/>\n\t<meta property=\"og:image:type\" content=\"image\/webp\" \/>\n<meta name=\"twitter:card\" content=\"summary_large_image\" \/>\n<meta name=\"twitter:label1\" content=\"Tempo estimado de leitura\" \/>\n\t<meta name=\"twitter:data1\" content=\"1 minuto\" \/>\n<!-- \/ Yoast SEO plugin. -->","yoast_head_json":{"title":"Avalia e ganha - Trail Run Advisor","description":"Partilha a tua experi\u00eancia e recebe uma recompensa. Deixa um coment\u00e1rio e participa no nosso sorteio mensal para teres a oportunidade de ganhar um pacote de pr\u00e9mios especial.","robots":{"index":"noindex","follow":"follow"},"og_locale":"pt_PT","og_type":"article","og_title":"Avalia e ganha - Trail Run Advisor","og_description":"Partilha a tua experi\u00eancia e recebe uma recompensa. Deixa um coment\u00e1rio e participa no nosso sorteio mensal para teres a oportunidade de ganhar um pacote de pr\u00e9mios especial.","og_url":"https:\/\/trailrunadvisor.wwwarcelona.net\/pt-pt\/avalia-e-ganha\/","og_site_name":"Trail Run Advisor","article_publisher":"https:\/\/www.facebook.com\/profile.php?id=61554747731790&mibextid=9R9pXO","article_modified_time":"2026-05-08T04:31:29+00:00","og_image":[{"width":600,"height":600,"url":"https:\/\/trailrunadvisor.wwwarcelona.net\/wp-content\/uploads\/2026\/04\/CasqueMyVibes_IsGood_-Noir_5.webp","type":"image\/webp"}],"twitter_card":"summary_large_image","twitter_misc":{"Tempo estimado de leitura":"1 minuto"},"schema":{"@context":"https:\/\/schema.org","@graph":[{"@type":"WebPage","@id":"https:\/\/trailrunadvisor.wwwarcelona.net\/pt-pt\/avalia-e-ganha\/","url":"https:\/\/trailrunadvisor.wwwarcelona.net\/pt-pt\/avalia-e-ganha\/","name":"Avalia e ganha - Trail Run Advisor","isPartOf":{"@id":"https:\/\/trailrunadvisor.wwwarcelona.net\/pt-pt\/#website"},"primaryImageOfPage":{"@id":"https:\/\/trailrunadvisor.wwwarcelona.net\/pt-pt\/avalia-e-ganha\/#primaryimage"},"image":{"@id":"https:\/\/trailrunadvisor.wwwarcelona.net\/pt-pt\/avalia-e-ganha\/#primaryimage"},"thumbnailUrl":"https:\/\/trailrunadvisor.wwwarcelona.net\/wp-content\/uploads\/2026\/04\/CasqueMyVibes_IsGood_-Noir_5.webp","datePublished":"2026-04-24T08:27:55+00:00","dateModified":"2026-05-08T04:31:29+00:00","description":"Partilha a tua experi\u00eancia e recebe uma recompensa. Deixa um coment\u00e1rio e participa no nosso sorteio mensal para teres a oportunidade de ganhar um pacote de pr\u00e9mios especial.","breadcrumb":{"@id":"https:\/\/trailrunadvisor.wwwarcelona.net\/pt-pt\/avalia-e-ganha\/#breadcrumb"},"inLanguage":"pt-PT","potentialAction":[{"@type":"ReadAction","target":["https:\/\/trailrunadvisor.wwwarcelona.net\/pt-pt\/avalia-e-ganha\/"]}]},{"@type":"ImageObject","inLanguage":"pt-PT","@id":"https:\/\/trailrunadvisor.wwwarcelona.net\/pt-pt\/avalia-e-ganha\/#primaryimage","url":"https:\/\/trailrunadvisor.wwwarcelona.net\/wp-content\/uploads\/2026\/04\/CasqueMyVibes_IsGood_-Noir_5.webp","contentUrl":"https:\/\/trailrunadvisor.wwwarcelona.net\/wp-content\/uploads\/2026\/04\/CasqueMyVibes_IsGood_-Noir_5.webp"},{"@type":"BreadcrumbList","@id":"https:\/\/trailrunadvisor.wwwarcelona.net\/pt-pt\/avalia-e-ganha\/#breadcrumb","itemListElement":[{"@type":"ListItem","position":1,"name":"Home","item":"https:\/\/trailrunadvisor.wwwarcelona.net\/pt-pt\/"},{"@type":"ListItem","position":2,"name":"Avalia e ganha"}]},{"@type":"WebSite","@id":"https:\/\/trailrunadvisor.wwwarcelona.net\/pt-pt\/#website","url":"https:\/\/trailrunadvisor.wwwarcelona.net\/pt-pt\/","name":"Trail Run Advisor","description":"","publisher":{"@id":"https:\/\/trailrunadvisor.wwwarcelona.net\/pt-pt\/#organization"},"potentialAction":[{"@type":"SearchAction","target":{"@type":"EntryPoint","urlTemplate":"https:\/\/trailrunadvisor.wwwarcelona.net\/pt-pt\/?s={search_term_string}"},"query-input":{"@type":"PropertyValueSpecification","valueRequired":true,"valueName":"search_term_string"}}],"inLanguage":"pt-PT"},{"@type":"Organization","@id":"https:\/\/trailrunadvisor.wwwarcelona.net\/pt-pt\/#organization","name":"Trail Run Advisor","url":"https:\/\/trailrunadvisor.wwwarcelona.net\/pt-pt\/","logo":{"@type":"ImageObject","inLanguage":"pt-PT","@id":"https:\/\/trailrunadvisor.wwwarcelona.net\/pt-pt\/#\/schema\/logo\/image\/","url":"https:\/\/trailrunadvisor.wwwarcelona.net\/wp-content\/uploads\/2023\/12\/logo-trailrunadvisor.png","contentUrl":"https:\/\/trailrunadvisor.wwwarcelona.net\/wp-content\/uploads\/2023\/12\/logo-trailrunadvisor.png","width":613,"height":80,"caption":"Trail Run Advisor"},"image":{"@id":"https:\/\/trailrunadvisor.wwwarcelona.net\/pt-pt\/#\/schema\/logo\/image\/"},"sameAs":["https:\/\/www.facebook.com\/profile.php?id=61554747731790&mibextid=9R9pXO","https:\/\/www.instagram.com\/trailrunadvisor\/"]}]}},"_links":{"self":[{"href":"https:\/\/trailrunadvisor.wwwarcelona.net\/pt-pt\/wp-json\/wp\/v2\/pages\/19240","targetHints":{"allow":["GET"]}}],"collection":[{"href":"https:\/\/trailrunadvisor.wwwarcelona.net\/pt-pt\/wp-json\/wp\/v2\/pages"}],"about":[{"href":"https:\/\/trailrunadvisor.wwwarcelona.net\/pt-pt\/wp-json\/wp\/v2\/types\/page"}],"author":[{"embeddable":true,"href":"https:\/\/trailrunadvisor.wwwarcelona.net\/pt-pt\/wp-json\/wp\/v2\/users\/1"}],"replies":[{"embeddable":true,"href":"https:\/\/trailrunadvisor.wwwarcelona.net\/pt-pt\/wp-json\/wp\/v2\/comments?post=19240"}],"version-history":[{"count":2,"href":"https:\/\/trailrunadvisor.wwwarcelona.net\/pt-pt\/wp-json\/wp\/v2\/pages\/19240\/revisions"}],"predecessor-version":[{"id":19242,"href":"https:\/\/trailrunadvisor.wwwarcelona.net\/pt-pt\/wp-json\/wp\/v2\/pages\/19240\/revisions\/19242"}],"wp:attachment":[{"href":"https:\/\/trailrunadvisor.wwwarcelona.net\/pt-pt\/wp-json\/wp\/v2\/media?parent=19240"}],"curies":[{"name":"wp","href":"https:\/\/api.w.org\/{rel}","templated":true}]}}