{"id":19244,"date":"2026-04-24T10:27:55","date_gmt":"2026-04-24T08:27:55","guid":{"rendered":"https:\/\/trailrunadvisor.com\/revisa-y-gana\/"},"modified":"2026-05-11T18:17:51","modified_gmt":"2026-05-11T16:17:51","slug":"revisa-y-gana","status":"publish","type":"page","link":"https:\/\/trailrunadvisor.wwwarcelona.net\/es\/revisa-y-gana\/","title":{"rendered":"Revisa y gana"},"content":{"rendered":"\t\t<div data-elementor-type=\"wp-page\" data-elementor-id=\"19244\" class=\"elementor elementor-19244 elementor-19028\" data-elementor-post-type=\"page\">\n\t\t\t\t<div class=\"elementor-element elementor-element-3022913 e-flex e-con-boxed e-con e-parent\" data-id=\"3022913\" data-element_type=\"container\">\n\t\t\t\t\t<div class=\"e-con-inner\">\n\t\t\t\t<div class=\"elementor-element elementor-element-2c48588 elementor-widget elementor-widget-heading\" data-id=\"2c48588\" data-element_type=\"widget\" data-widget_type=\"heading.default\">\n\t\t\t\t<div class=\"elementor-widget-container\">\n\t\t\t\t\t<h1 class=\"elementor-heading-title elementor-size-default\">\u00bfQuieres ganar material de trail?  <p>\nComparte tu experiencia en la carrera<\/h1>\t\t\t\t<\/div>\n\t\t\t\t<\/div>\n\t\t\t\t<div class=\"elementor-element elementor-element-959b07d elementor-widget elementor-widget-text-editor\" data-id=\"959b07d\" data-element_type=\"widget\" data-widget_type=\"text-editor.default\">\n\t\t\t\t<div class=\"elementor-widget-container\">\n\t\t\t\t\t\t\t\t\t<p>TrailRunAdvisor se basa en una idea sencilla: opiniones reales sobre carreras de corredores reales<br\/>Con Review &#038; Win, recompensamos a quienes contribuyen a la comunidad.<\/p>\t\t\t\t\t\t\t\t<\/div>\n\t\t\t\t<\/div>\n\t\t\t\t<div class=\"elementor-element elementor-element-9a1e712 elementor-widget elementor-widget-heading\" data-id=\"9a1e712\" data-element_type=\"widget\" data-widget_type=\"heading.default\">\n\t\t\t\t<div class=\"elementor-widget-container\">\n\t\t\t\t\t<h2 class=\"elementor-heading-title elementor-size-default\">C\u00f3mo funciona<\/h2>\t\t\t\t<\/div>\n\t\t\t\t<\/div>\n\t\t\t\t<div class=\"elementor-element elementor-element-01d1a6a elementor-widget elementor-widget-text-editor\" data-id=\"01d1a6a\" data-element_type=\"widget\" data-widget_type=\"text-editor.default\">\n\t\t\t\t<div class=\"elementor-widget-container\">\n\t\t\t\t\t\t\t\t\t<ul><li>Deja una opini\u00f3n sobre una carrera en la que hayas participado en TrailRunAdvisor<\/li><li>Cada mes, seleccionamos al azar a 2 ganadores entre todos los usuarios que hayan enviado una opini\u00f3n durante ese mes<\/li><li>Cuanto m\u00e1s contribuyas, m\u00e1s ayudar\u00e1s a la comunidad &#8211; y m\u00e1s oportunidades tendr\u00e1s de ganar<\/li><\/ul><p> <\/p><p>Sencillo, \u00fatil y hecho para corredores de trail.<\/p>\t\t\t\t\t\t\t\t<\/div>\n\t\t\t\t<\/div>\n\t\t\t\t<div class=\"elementor-element elementor-element-9461ec5 elementor-widget elementor-widget-button\" data-id=\"9461ec5\" data-element_type=\"widget\" data-widget_type=\"button.default\">\n\t\t\t\t<div class=\"elementor-widget-container\">\n\t\t\t\t\t\t\t\t\t<div class=\"elementor-button-wrapper\">\n\t\t\t\t\t<a class=\"elementor-button elementor-button-link elementor-size-sm\" href=\"https:\/\/trailrunadvisor.wwwarcelona.net\/es\/mi-cuenta\/\">\n\t\t\t\t\t\t<span class=\"elementor-button-content-wrapper\">\n\t\t\t\t\t\t\t\t\t<span class=\"elementor-button-text\">participa en el sorteo<\/span>\n\t\t\t\t\t<\/span>\n\t\t\t\t\t<\/a>\n\t\t\t\t<\/div>\n\t\t\t\t\t\t\t\t<\/div>\n\t\t\t\t<\/div>\n\t\t\t\t\t<\/div>\n\t\t\t\t<\/div>\n\t\t<div class=\"elementor-element elementor-element-b60efa7 e-flex e-con-boxed e-con e-parent\" data-id=\"b60efa7\" data-element_type=\"container\">\n\t\t\t\t\t<div class=\"e-con-inner\">\n\t\t<div class=\"elementor-element elementor-element-59bd3d5 e-con-full e-flex e-con e-child\" data-id=\"59bd3d5\" data-element_type=\"container\">\n\t\t\t\t<div class=\"elementor-element elementor-element-4fc9396 elementor-widget elementor-widget-heading\" data-id=\"4fc9396\" data-element_type=\"widget\" data-widget_type=\"heading.default\">\n\t\t\t\t<div class=\"elementor-widget-container\">\n\t\t\t\t\t<h2 class=\"elementor-heading-title elementor-size-default\">Lo que puedes ganar<\/h2>\t\t\t\t<\/div>\n\t\t\t\t<\/div>\n\t\t\t\t<div class=\"elementor-element elementor-element-b34141e elementor-widget elementor-widget-heading\" data-id=\"b34141e\" data-element_type=\"widget\" data-widget_type=\"heading.default\">\n\t\t\t\t<div class=\"elementor-widget-container\">\n\t\t\t\t\t<h3 class=\"elementor-heading-title elementor-size-default\">Equipo de audio deportivo de MyVibe<\/h3>\t\t\t\t<\/div>\n\t\t\t\t<\/div>\n\t\t\t\t<div class=\"elementor-element elementor-element-7e11859 elementor-widget elementor-widget-text-editor\" data-id=\"7e11859\" data-element_type=\"widget\" data-widget_type=\"text-editor.default\">\n\t\t\t\t<div class=\"elementor-widget-container\">\n\t\t\t\t\t\t\t\t\t<p>Dise\u00f1ado para corredores que quieren estar atentos a su entorno.<br\/>&#8211; Tecnolog\u00eda de conducci\u00f3n \u00f3sea<br\/>&#8211; Ajuste c\u00f3modo y seguro<br\/>&#8211; Ideal para trail running y entrenamiento al aire libre<\/p><p> <\/p><p>Entrena, explora y mantente conectado, de forma segura.<\/p>\t\t\t\t\t\t\t\t<\/div>\n\t\t\t\t<\/div>\n\t\t\t\t<\/div>\n\t\t<div class=\"elementor-element elementor-element-37fb9c2 e-con-full e-flex e-con e-child\" data-id=\"37fb9c2\" data-element_type=\"container\" data-settings=\"{&quot;background_background&quot;:&quot;classic&quot;}\">\n\t\t\t\t<div class=\"elementor-element elementor-element-38e6521 elementor-widget elementor-widget-image\" data-id=\"38e6521\" data-element_type=\"widget\" data-widget_type=\"image.default\">\n\t\t\t\t<div class=\"elementor-widget-container\">\n\t\t\t\t\t\t\t\t\t\t\t\t\t\t\t<img fetchpriority=\"high\" decoding=\"async\" width=\"600\" height=\"600\" src=\"https:\/\/trailrunadvisor.wwwarcelona.net\/wp-content\/uploads\/2026\/04\/CasqueMyVibes_IsGood_-Noir_5.webp\" class=\"attachment-large size-large wp-image-19030 not-transparent\" alt=\"\" srcset=\"https:\/\/trailrunadvisor.wwwarcelona.net\/wp-content\/uploads\/2026\/04\/CasqueMyVibes_IsGood_-Noir_5.webp 600w, https:\/\/trailrunadvisor.wwwarcelona.net\/wp-content\/uploads\/2026\/04\/CasqueMyVibes_IsGood_-Noir_5-300x300.webp 300w, https:\/\/trailrunadvisor.wwwarcelona.net\/wp-content\/uploads\/2026\/04\/CasqueMyVibes_IsGood_-Noir_5-150x150.webp 150w\" sizes=\"(max-width: 600px) 100vw, 600px\" data-has-transparency=\"false\" data-dominant-color=\"a4998d\" style=\"--dominant-color: #a4998d\" \/>\t\t\t\t\t\t\t\t\t\t\t\t\t\t\t<\/div>\n\t\t\t\t<\/div>\n\t\t\t\t<\/div>\n\t\t\t\t\t<\/div>\n\t\t\t\t<\/div>\n\t\t<div class=\"elementor-element elementor-element-9db5d45 e-flex e-con-boxed e-con e-parent\" data-id=\"9db5d45\" data-element_type=\"container\" data-settings=\"{&quot;background_background&quot;:&quot;classic&quot;}\">\n\t\t\t\t\t<div class=\"e-con-inner\">\n\t\t<div class=\"elementor-element elementor-element-f03f710 e-con-full e-flex e-con e-child\" data-id=\"f03f710\" data-element_type=\"container\">\n\t\t\t\t<div class=\"elementor-element elementor-element-6478ea6 elementor-widget elementor-widget-image\" data-id=\"6478ea6\" data-element_type=\"widget\" data-widget_type=\"image.default\">\n\t\t\t\t<div class=\"elementor-widget-container\">\n\t\t\t\t\t\t\t\t\t\t\t\t\t\t\t<img decoding=\"async\" width=\"1024\" height=\"1024\" src=\"https:\/\/trailrunadvisor.wwwarcelona.net\/wp-content\/uploads\/2026\/05\/ChatGPT-Image-4-may-2026-11_26_47-1024x1024.png\" class=\"attachment-large size-large wp-image-19227 not-transparent\" alt=\"\" srcset=\"https:\/\/trailrunadvisor.wwwarcelona.net\/wp-content\/uploads\/2026\/05\/ChatGPT-Image-4-may-2026-11_26_47-1024x1024.png 1024w, https:\/\/trailrunadvisor.wwwarcelona.net\/wp-content\/uploads\/2026\/05\/ChatGPT-Image-4-may-2026-11_26_47-300x300.png 300w, https:\/\/trailrunadvisor.wwwarcelona.net\/wp-content\/uploads\/2026\/05\/ChatGPT-Image-4-may-2026-11_26_47-150x150.png 150w, https:\/\/trailrunadvisor.wwwarcelona.net\/wp-content\/uploads\/2026\/05\/ChatGPT-Image-4-may-2026-11_26_47-768x768.png 768w, https:\/\/trailrunadvisor.wwwarcelona.net\/wp-content\/uploads\/2026\/05\/ChatGPT-Image-4-may-2026-11_26_47.png 1254w\" sizes=\"(max-width: 1024px) 100vw, 1024px\" data-has-transparency=\"false\" data-dominant-color=\"ca9271\" style=\"--dominant-color: #ca9271\" \/>\t\t\t\t\t\t\t\t\t\t\t\t\t\t\t<\/div>\n\t\t\t\t<\/div>\n\t\t\t\t<\/div>\n\t\t<div class=\"elementor-element elementor-element-63d24cf e-con-full e-flex e-con e-child\" data-id=\"63d24cf\" data-element_type=\"container\">\n\t\t\t\t<div class=\"elementor-element elementor-element-d854465 elementor-widget elementor-widget-heading\" data-id=\"d854465\" data-element_type=\"widget\" data-widget_type=\"heading.default\">\n\t\t\t\t<div class=\"elementor-widget-container\">\n\t\t\t\t\t<h3 class=\"elementor-heading-title elementor-size-default\">Pack nutricional trail de Apirun<\/h3>\t\t\t\t<\/div>\n\t\t\t\t<\/div>\n\t\t\t\t<div class=\"elementor-element elementor-element-df5d84e elementor-widget elementor-widget-text-editor\" data-id=\"df5d84e\" data-element_type=\"widget\" data-widget_type=\"text-editor.default\">\n\t\t\t\t<div class=\"elementor-widget-container\">\n\t\t\t\t\t\t\t\t\t<p>Una inyecci\u00f3n de energ\u00eda natural dise\u00f1ada para los deportes de resistencia.<\/p><ul><li>Aperitivos energ\u00e9ticos a base de fruta y miel<\/li><li>F\u00e1cil de transportar y consumir durante el esfuerzo<\/li><li>oferta para el entrenamiento y el d\u00eda de la carrera<\/li><\/ul><p> <\/p><p>Un compa\u00f1ero perfecto para alimentar tu pr\u00f3xima aventura por los senderos.<\/p>\t\t\t\t\t\t\t\t<\/div>\n\t\t\t\t<\/div>\n\t\t\t\t<\/div>\n\t\t\t\t\t<\/div>\n\t\t\t\t<\/div>\n\t\t<div class=\"elementor-element elementor-element-cf9fd51 e-con-full e-flex e-con e-parent\" data-id=\"cf9fd51\" data-element_type=\"container\">\n\t\t\t\t<div class=\"elementor-element elementor-element-683d4d3 elementor-widget elementor-widget-heading\" data-id=\"683d4d3\" data-element_type=\"widget\" data-widget_type=\"heading.default\">\n\t\t\t\t<div class=\"elementor-widget-container\">\n\t\t\t\t\t<p class=\"elementor-heading-title elementor-size-default\">\u00bfListo para contribuir?<\/p>\t\t\t\t<\/div>\n\t\t\t\t<\/div>\n\t\t\t\t<\/div>\n\t\t<div class=\"elementor-element elementor-element-4193cf2 e-flex e-con-boxed e-con e-parent\" data-id=\"4193cf2\" data-element_type=\"container\">\n\t\t\t\t\t<div class=\"e-con-inner\">\n\t\t\t\t<div class=\"elementor-element elementor-element-d4cd899 elementor-widget elementor-widget-button\" data-id=\"d4cd899\" data-element_type=\"widget\" data-widget_type=\"button.default\">\n\t\t\t\t<div class=\"elementor-widget-container\">\n\t\t\t\t\t\t\t\t\t<div class=\"elementor-button-wrapper\">\n\t\t\t\t\t<a class=\"elementor-button elementor-button-link elementor-size-sm\" href=\"https:\/\/trailrunadvisor.wwwarcelona.net\/es\/mi-cuenta\/\">\n\t\t\t\t\t\t<span class=\"elementor-button-content-wrapper\">\n\t\t\t\t\t\t\t\t\t<span class=\"elementor-button-text\">Escribe ahora tu opini\u00f3n sobre la carrera : gana material de trail cada mes<\/span>\n\t\t\t\t\t<\/span>\n\t\t\t\t\t<\/a>\n\t\t\t\t<\/div>\n\t\t\t\t\t\t\t\t<\/div>\n\t\t\t\t<\/div>\n\t\t\t\t\t<\/div>\n\t\t\t\t<\/div>\n\t\t<div class=\"elementor-element elementor-element-2badebf e-flex e-con-boxed e-con e-parent\" data-id=\"2badebf\" data-element_type=\"container\">\n\t\t\t\t\t<div class=\"e-con-inner\">\n\t\t\t\t<div class=\"elementor-element elementor-element-58a87d4 elementor-widget elementor-widget-heading\" data-id=\"58a87d4\" data-element_type=\"widget\" data-widget_type=\"heading.default\">\n\t\t\t\t<div class=\"elementor-widget-container\">\n\t\t\t\t\t<h2 class=\"elementor-heading-title elementor-size-default\">en colaboraci\u00f3n con<\/h2>\t\t\t\t<\/div>\n\t\t\t\t<\/div>\n\t\t\t\t<div class=\"elementor-element elementor-element-9796eaa elementor-widget elementor-widget-text-editor\" data-id=\"9796eaa\" data-element_type=\"widget\" data-widget_type=\"text-editor.default\">\n\t\t\t\t<div class=\"elementor-widget-container\">\n\t\t\t\t\t\t\t\t\t<p>Review &#038; Win es posible gracias a nuestros socios:<\/p><ul><li><a href=\"https:\/\/www.myvibe.run\/\" target=\"_blank\" rel=\"noopener\"><strong>MiVibe.run<\/strong><\/a><\/li><li><a href=\"https:\/\/apirun.fr\/collections\/nutrition-sportive\/products\/pates-de-fruits-5-parfums-1\" target=\"_blank\" rel=\"noopener\"><strong>Apirun<\/strong><\/a><\/li><\/ul><p>Su apoyo nos ayuda a recompensar a la comunidad y a seguir creciendo juntos.<\/p>\t\t\t\t\t\t\t\t<\/div>\n\t\t\t\t<\/div>\n\t\t\t\t\t<\/div>\n\t\t\t\t<\/div>\n\t\t\t\t<\/div>\n\t\t","protected":false},"excerpt":{"rendered":"<p>\u00bfQuieres ganar material de trail? Comparte tu experiencia en la carrera TrailRunAdvisor se basa en una idea sencilla: opiniones reales sobre carreras de corredores realesCon Review &amp; Win, recompensamos a quienes contribuyen a la comunidad. C\u00f3mo funciona Deja una opini\u00f3n sobre una carrera en la que hayas participado en TrailRunAdvisor Cada mes, seleccionamos al azar [&hellip;]<\/p>\n","protected":false},"author":1,"featured_media":0,"parent":0,"menu_order":0,"comment_status":"closed","ping_status":"closed","template":"","meta":{"_acf_changed":false,"footnotes":""},"class_list":["post-19244","page","type-page","status-publish","hentry"],"acf":[],"yoast_head":"<!-- This site is optimized with the Yoast SEO plugin v26.8 - https:\/\/yoast.com\/product\/yoast-seo-wordpress\/ -->\n<title>Revisa y gana - Trail Run Advisor<\/title>\n<meta name=\"description\" content=\"Comparte tu experiencia y recibe una recompensa. Deja una opini\u00f3n y participa en nuestro sorteo mensual para tener la oportunidad de ganar un lote de premios especiales.\" \/>\n<meta name=\"robots\" content=\"noindex, follow\" \/>\n<meta property=\"og:locale\" content=\"es_ES\" \/>\n<meta property=\"og:type\" content=\"article\" \/>\n<meta property=\"og:title\" content=\"Revisa y gana - Trail Run Advisor\" \/>\n<meta property=\"og:description\" content=\"Comparte tu experiencia y recibe una recompensa. Deja una opini\u00f3n y participa en nuestro sorteo mensual para tener la oportunidad de ganar un lote de premios especiales.\" \/>\n<meta property=\"og:url\" content=\"https:\/\/trailrunadvisor.wwwarcelona.net\/es\/revisa-y-gana\/\" \/>\n<meta property=\"og:site_name\" content=\"Trail Run Advisor\" \/>\n<meta property=\"article:publisher\" content=\"https:\/\/www.facebook.com\/profile.php?id=61554747731790&amp;mibextid=9R9pXO\" \/>\n<meta property=\"article:modified_time\" content=\"2026-05-11T16:17:51+00:00\" \/>\n<meta property=\"og:image\" content=\"https:\/\/trailrunadvisor.wwwarcelona.net\/wp-content\/uploads\/2026\/04\/CasqueMyVibes_IsGood_-Noir_5.webp\" \/>\n\t<meta property=\"og:image:width\" content=\"600\" \/>\n\t<meta property=\"og:image:height\" content=\"600\" \/>\n\t<meta property=\"og:image:type\" content=\"image\/webp\" \/>\n<meta name=\"twitter:card\" content=\"summary_large_image\" \/>\n<meta name=\"twitter:label1\" content=\"Tiempo de lectura\" \/>\n\t<meta name=\"twitter:data1\" content=\"1 minuto\" \/>\n<!-- \/ Yoast SEO plugin. -->","yoast_head_json":{"title":"Revisa y gana - Trail Run Advisor","description":"Comparte tu experiencia y recibe una recompensa. Deja una opini\u00f3n y participa en nuestro sorteo mensual para tener la oportunidad de ganar un lote de premios especiales.","robots":{"index":"noindex","follow":"follow"},"og_locale":"es_ES","og_type":"article","og_title":"Revisa y gana - Trail Run Advisor","og_description":"Comparte tu experiencia y recibe una recompensa. Deja una opini\u00f3n y participa en nuestro sorteo mensual para tener la oportunidad de ganar un lote de premios especiales.","og_url":"https:\/\/trailrunadvisor.wwwarcelona.net\/es\/revisa-y-gana\/","og_site_name":"Trail Run Advisor","article_publisher":"https:\/\/www.facebook.com\/profile.php?id=61554747731790&mibextid=9R9pXO","article_modified_time":"2026-05-11T16:17:51+00:00","og_image":[{"width":600,"height":600,"url":"https:\/\/trailrunadvisor.wwwarcelona.net\/wp-content\/uploads\/2026\/04\/CasqueMyVibes_IsGood_-Noir_5.webp","type":"image\/webp"}],"twitter_card":"summary_large_image","twitter_misc":{"Tiempo de lectura":"1 minuto"},"schema":{"@context":"https:\/\/schema.org","@graph":[{"@type":"WebPage","@id":"https:\/\/trailrunadvisor.wwwarcelona.net\/es\/revisa-y-gana\/","url":"https:\/\/trailrunadvisor.wwwarcelona.net\/es\/revisa-y-gana\/","name":"Revisa y gana - Trail Run Advisor","isPartOf":{"@id":"https:\/\/trailrunadvisor.wwwarcelona.net\/es\/#website"},"primaryImageOfPage":{"@id":"https:\/\/trailrunadvisor.wwwarcelona.net\/es\/revisa-y-gana\/#primaryimage"},"image":{"@id":"https:\/\/trailrunadvisor.wwwarcelona.net\/es\/revisa-y-gana\/#primaryimage"},"thumbnailUrl":"https:\/\/trailrunadvisor.wwwarcelona.net\/wp-content\/uploads\/2026\/04\/CasqueMyVibes_IsGood_-Noir_5.webp","datePublished":"2026-04-24T08:27:55+00:00","dateModified":"2026-05-11T16:17:51+00:00","description":"Comparte tu experiencia y recibe una recompensa. Deja una opini\u00f3n y participa en nuestro sorteo mensual para tener la oportunidad de ganar un lote de premios especiales.","breadcrumb":{"@id":"https:\/\/trailrunadvisor.wwwarcelona.net\/es\/revisa-y-gana\/#breadcrumb"},"inLanguage":"es","potentialAction":[{"@type":"ReadAction","target":["https:\/\/trailrunadvisor.wwwarcelona.net\/es\/revisa-y-gana\/"]}]},{"@type":"ImageObject","inLanguage":"es","@id":"https:\/\/trailrunadvisor.wwwarcelona.net\/es\/revisa-y-gana\/#primaryimage","url":"https:\/\/trailrunadvisor.wwwarcelona.net\/wp-content\/uploads\/2026\/04\/CasqueMyVibes_IsGood_-Noir_5.webp","contentUrl":"https:\/\/trailrunadvisor.wwwarcelona.net\/wp-content\/uploads\/2026\/04\/CasqueMyVibes_IsGood_-Noir_5.webp"},{"@type":"BreadcrumbList","@id":"https:\/\/trailrunadvisor.wwwarcelona.net\/es\/revisa-y-gana\/#breadcrumb","itemListElement":[{"@type":"ListItem","position":1,"name":"Home","item":"https:\/\/trailrunadvisor.wwwarcelona.net\/es\/"},{"@type":"ListItem","position":2,"name":"Revisa y gana"}]},{"@type":"WebSite","@id":"https:\/\/trailrunadvisor.wwwarcelona.net\/es\/#website","url":"https:\/\/trailrunadvisor.wwwarcelona.net\/es\/","name":"Trail Run Advisor","description":"","publisher":{"@id":"https:\/\/trailrunadvisor.wwwarcelona.net\/es\/#organization"},"potentialAction":[{"@type":"SearchAction","target":{"@type":"EntryPoint","urlTemplate":"https:\/\/trailrunadvisor.wwwarcelona.net\/es\/?s={search_term_string}"},"query-input":{"@type":"PropertyValueSpecification","valueRequired":true,"valueName":"search_term_string"}}],"inLanguage":"es"},{"@type":"Organization","@id":"https:\/\/trailrunadvisor.wwwarcelona.net\/es\/#organization","name":"Trail Run Advisor","url":"https:\/\/trailrunadvisor.wwwarcelona.net\/es\/","logo":{"@type":"ImageObject","inLanguage":"es","@id":"https:\/\/trailrunadvisor.wwwarcelona.net\/es\/#\/schema\/logo\/image\/","url":"https:\/\/trailrunadvisor.wwwarcelona.net\/wp-content\/uploads\/2023\/12\/logo-trailrunadvisor.png","contentUrl":"https:\/\/trailrunadvisor.wwwarcelona.net\/wp-content\/uploads\/2023\/12\/logo-trailrunadvisor.png","width":613,"height":80,"caption":"Trail Run Advisor"},"image":{"@id":"https:\/\/trailrunadvisor.wwwarcelona.net\/es\/#\/schema\/logo\/image\/"},"sameAs":["https:\/\/www.facebook.com\/profile.php?id=61554747731790&mibextid=9R9pXO","https:\/\/www.instagram.com\/trailrunadvisor\/"]}]}},"_links":{"self":[{"href":"https:\/\/trailrunadvisor.wwwarcelona.net\/es\/wp-json\/wp\/v2\/pages\/19244","targetHints":{"allow":["GET"]}}],"collection":[{"href":"https:\/\/trailrunadvisor.wwwarcelona.net\/es\/wp-json\/wp\/v2\/pages"}],"about":[{"href":"https:\/\/trailrunadvisor.wwwarcelona.net\/es\/wp-json\/wp\/v2\/types\/page"}],"author":[{"embeddable":true,"href":"https:\/\/trailrunadvisor.wwwarcelona.net\/es\/wp-json\/wp\/v2\/users\/1"}],"replies":[{"embeddable":true,"href":"https:\/\/trailrunadvisor.wwwarcelona.net\/es\/wp-json\/wp\/v2\/comments?post=19244"}],"version-history":[{"count":2,"href":"https:\/\/trailrunadvisor.wwwarcelona.net\/es\/wp-json\/wp\/v2\/pages\/19244\/revisions"}],"predecessor-version":[{"id":19246,"href":"https:\/\/trailrunadvisor.wwwarcelona.net\/es\/wp-json\/wp\/v2\/pages\/19244\/revisions\/19246"}],"wp:attachment":[{"href":"https:\/\/trailrunadvisor.wwwarcelona.net\/es\/wp-json\/wp\/v2\/media?parent=19244"}],"curies":[{"name":"wp","href":"https:\/\/api.w.org\/{rel}","templated":true}]}}